{"id":39,"date":"2022-05-23T18:33:34","date_gmt":"2022-05-23T18:33:34","guid":{"rendered":"https:\/\/sendkom.pl\/beniamin\/?page_id=39"},"modified":"2022-05-23T19:59:37","modified_gmt":"2022-05-23T19:59:37","slug":"lasy","status":"publish","type":"page","link":"https:\/\/sendkom.pl\/beniamin\/?page_id=39","title":{"rendered":"Lasy"},"content":{"rendered":"\n<p class=\"has-extra-small-font-size\" style=\"font-style:italic;font-weight:200\">&#8220;<em>A najlepiej tak w las p\u00f3j\u015b\u0107 i niczego nie zbiera\u0107, o niczym nie my\u015ble\u0107.&#8221;<\/em><br>                                                                         Wies\u0142aw My\u015bliwski<\/p>\n\n\n\n<p>Polska jest w europejskiej czo\u0142\u00f3wce, je\u015bli chodzi o powierzchni\u0119 las\u00f3w. Obecnie powierzchnia las\u00f3w w Polsce wynosi ponad 9,2 mln ha, co odpowiada lesisto\u015bci 29,6 proc. Zdecydowana wi\u0119kszo\u015b\u0107 to lasy pa\u0144stwowe, z czego ponad 7,3 mln ha zarz\u0105dzane jest przez Pa\u0144stwowe Gospodarstwo Le\u015bne Lasy Pa\u0144stwowe.<\/p>\n\n\n\n<p>Podstaw\u0105 prac zalesieniowych jest \u201eKrajowy program zwi\u0119kszania lesisto\u015bci\u201d, zak\u0142adaj\u0105cy wzrost lesisto\u015bci do 30 proc. w 2020 r. i do 33 proc. w 2050 r. Lasy Polski s\u0105 bogate w ro\u015bliny, zwierz\u0119ta i grzyby. \u017byje w nich ok. 65 proc. gatunk\u00f3w ro\u015blin, zwierz\u0105t i grzyb\u00f3w.<\/p>\n\n\n\n<figure class=\"wp-block-image size-full is-style-twentytwentyone-image-frame\"><img loading=\"lazy\" decoding=\"async\" width=\"275\" height=\"183\" src=\"https:\/\/sendkom.pl\/beniamin\/wp-content\/uploads\/2022\/05\/lasy1.jpg\" alt=\"\" class=\"wp-image-75\"\/><\/figure>\n\n\n\n<p><strong>Lasy rosn\u0105 w naszym kraju na glebach najs\u0142abszych<\/strong>, g\u0142\u00f3wnie z powodu rozwoju rolnictwa w poprzednich wiekach. Wp\u0142ywa to na rozmieszczenie typ\u00f3w siedliskowych lasu w Polsce. Obecnie 50,1 proc. powierzchni las\u00f3w zajmuj\u0105 siedliska&nbsp;<strong>borowe<\/strong>. Na pozosta\u0142ych obszarach wyst\u0119puj\u0105 siedliska&nbsp;<strong>lasowe<\/strong>, g\u0142\u00f3wnie mieszane (ok.49,9 proc.).<br>W obu grupach wyr\u00f3\u017cnia si\u0119 dodatkowo siedliska wy\u017cynne, zajmuj\u0105ce \u0142\u0105cznie 6,6 proc. powierzchni las\u00f3w, i siedliska g\u00f3rskie, wyst\u0119puj\u0105ce na 8,6 proc. powierzchni.<\/p>\n\n\n\n<figure class=\"wp-block-image size-full is-style-twentytwentyone-image-frame\"><img loading=\"lazy\" decoding=\"async\" width=\"290\" height=\"174\" src=\"https:\/\/sendkom.pl\/beniamin\/wp-content\/uploads\/2022\/05\/lasy2.jpg\" alt=\"\" class=\"wp-image-79\"\/><\/figure>\n\n\n\n<p><strong>Na terenach nizinnych i wy\u017cynnych najcz\u0119\u015bciej wyst\u0119puje sosna<\/strong>. Wed\u0142ug&nbsp;Wielkoobszarowej Inwentaryzacji Stanu Las\u00f3w sosna ro\u015bnie na 60 proc. powierzchni le\u015bnej w PGL LP oraz na ok. 54 proc. las\u00f3w prywatnych i gminnych. W g\u00f3rach przewa\u017ca \u015bwierk (zach\u00f3d) oraz \u015bwierk z bukiem (wsch\u00f3d). Dominacja sosny wynika ze sposobu prowadzenia gospodarki le\u015bnej w przesz\u0142o\u015bci. Kiedy\u015b monokultury (uprawy jednego gatunku) by\u0142y odpowiedzi\u0105 na du\u017ce zapotrzebowanie przemys\u0142u na drewno. Takie lasy okaza\u0142y si\u0119 jednak ma\u0142o odporne na czynniki klimatyczne. \u0141atwo pada\u0142y r\u00f3wnie\u017c ofiar\u0105 ekspansji szkodnik\u00f3w.<\/p>\n\n\n\n<figure class=\"wp-block-image size-full is-style-twentytwentyone-image-frame\"><img loading=\"lazy\" decoding=\"async\" width=\"305\" height=\"165\" src=\"https:\/\/sendkom.pl\/beniamin\/wp-content\/uploads\/2022\/05\/lasy3.jpg\" alt=\"\" class=\"wp-image-80\" srcset=\"https:\/\/sendkom.pl\/beniamin\/wp-content\/uploads\/2022\/05\/lasy3.jpg 305w, https:\/\/sendkom.pl\/beniamin\/wp-content\/uploads\/2022\/05\/lasy3-300x162.jpg 300w\" sizes=\"auto, (max-width: 305px) 100vw, 305px\" \/><\/figure>\n\n\n\n<p><strong>W polskich lasach systematycznie zwi\u0119ksza si\u0119 udzia\u0142 innych gatunk\u00f3w, g\u0142\u00f3wnie li\u015bciastych.&nbsp;<\/strong>Le\u015bnicy odeszli od monokultur \u2013 dostosowuj\u0105 sk\u0142ad gatunkowy drzewostanu do naturalnego dla danego terenu. Dzi\u0119ki temu w latach 1945-2018 powierzchnia drzewostan\u00f3w li\u015bciastych na terenach PGL LP wzros\u0142a z 13 proc. do ok. 24 proc.<br>Coraz cz\u0119\u015bciej wyst\u0119puj\u0105 d\u0119by, jesiony, klony, jawory, wi\u0105zy, a tak\u017ce brzozy, buki, olchy, topole, graby, osiki, lipy i wierzby.<\/p>\n\n\n\n<p><strong>W naszych lasach najcz\u0119\u015bciej wyst\u0119puj\u0105 drzewostany w wieku od 40 do 80 lat.<\/strong>&nbsp;Przeci\u0119tny wiek lasu wynosi 60 lat, jest coraz wi\u0119cej drzew&nbsp; licz\u0105cych ponad 80 lat. Od ko\u0144ca II wojny \u015bwiatowej ich powierzchnia wzros\u0142a z 0,9 mln ha do ponad 2,1 mln ha w 2018 roku.<\/p>\n\n\n\n<p>Drzewostany powy\u017cej 100 lat zajmuj\u0105 w lasach zarz\u0105dzanych przez LP 13 proc. powierzchni, a w lasach prywatnych 3,6 proc.<br><br>Natomiast udzia\u0142 powierzchni niezalesionej w lasach prywatnych wynosi 5,5 proc., a w lasach zarz\u0105dzanych przez PGL LP 2,7 proc.<\/p>\n","protected":false},"excerpt":{"rendered":"<p>&#8220;A najlepiej tak w las p\u00f3j\u015b\u0107 i niczego nie zbiera\u0107, o niczym nie my\u015ble\u0107.&#8221; Wies\u0142aw My\u015bliwski Polska jest w europejskiej czo\u0142\u00f3wce, je\u015bli chodzi o powierzchni\u0119 las\u00f3w. Obecnie powierzchnia las\u00f3w w Polsce wynosi ponad 9,2 mln ha, co odpowiada lesisto\u015bci 29,6 proc. Zdecydowana wi\u0119kszo\u015b\u0107 to lasy pa\u0144stwowe, z czego ponad 7,3 mln ha zarz\u0105dzane jest przez&hellip; <a class=\"more-link\" href=\"https:\/\/sendkom.pl\/beniamin\/?page_id=39\">Continue reading <span class=\"screen-reader-text\">Lasy<\/span><\/a><\/p>\n","protected":false},"author":1,"featured_media":0,"parent":0,"menu_order":0,"comment_status":"closed","ping_status":"closed","template":"","meta":{"footnotes":""},"class_list":["post-39","page","type-page","status-publish","hentry","entry"],"_links":{"self":[{"href":"https:\/\/sendkom.pl\/beniamin\/index.php?rest_route=\/wp\/v2\/pages\/39","targetHints":{"allow":["GET"]}}],"collection":[{"href":"https:\/\/sendkom.pl\/beniamin\/index.php?rest_route=\/wp\/v2\/pages"}],"about":[{"href":"https:\/\/sendkom.pl\/beniamin\/index.php?rest_route=\/wp\/v2\/types\/page"}],"author":[{"embeddable":true,"href":"https:\/\/sendkom.pl\/beniamin\/index.php?rest_route=\/wp\/v2\/users\/1"}],"replies":[{"embeddable":true,"href":"https:\/\/sendkom.pl\/beniamin\/index.php?rest_route=%2Fwp%2Fv2%2Fcomments&post=39"}],"version-history":[{"count":6,"href":"https:\/\/sendkom.pl\/beniamin\/index.php?rest_route=\/wp\/v2\/pages\/39\/revisions"}],"predecessor-version":[{"id":119,"href":"https:\/\/sendkom.pl\/beniamin\/index.php?rest_route=\/wp\/v2\/pages\/39\/revisions\/119"}],"wp:attachment":[{"href":"https:\/\/sendkom.pl\/beniamin\/index.php?rest_route=%2Fwp%2Fv2%2Fmedia&parent=39"}],"curies":[{"name":"wp","href":"https:\/\/api.w.org\/{rel}","templated":true}]}}