{"id":43,"date":"2022-05-23T18:34:01","date_gmt":"2022-05-23T18:34:01","guid":{"rendered":"https:\/\/sendkom.pl\/beniamin\/?page_id=43"},"modified":"2022-05-23T20:06:37","modified_gmt":"2022-05-23T20:06:37","slug":"jeziora","status":"publish","type":"page","link":"https:\/\/sendkom.pl\/beniamin\/?page_id=43","title":{"rendered":"Jeziora"},"content":{"rendered":"\n<p class=\"has-extra-small-font-size\" style=\"font-style:italic;font-weight:200\">&#8220;Jezioro to oko ziemi, w kt\u00f3re zagl\u0105daj\u0105c, mierzymy g\u0142\u0119bi\u0119 w\u0142asnej natury.&#8221;<br>                                                                               Autor nieznany<\/p>\n\n\n\n<p>Jeziora w Polsce zajmuj\u0105 tylko 1% powierzchni kraju. W sumie istnieje niewiele ponad 9000 jezior o powierzchni powy\u017cej 1 hektara.<\/p>\n\n\n\n<p>Zdecydowanie najwi\u0119ksz\u0105 jeziorno\u015bci\u0105 charakteryzuj\u0105 si\u0119 obszary m\u0142odoglacjalne &#8211; Pojezierza Pomorskie, Mazurskie i Wielkopolskie.<\/p>\n\n\n\n<figure class=\"wp-block-image size-full is-style-twentytwentyone-image-frame\"><img loading=\"lazy\" decoding=\"async\" width=\"298\" height=\"169\" src=\"https:\/\/sendkom.pl\/beniamin\/wp-content\/uploads\/2022\/05\/jeziora1.jpg\" alt=\"\" class=\"wp-image-87\"\/><\/figure>\n\n\n\n<p>Zdecydowana wi\u0119kszo\u015b\u0107 jezior w Polsce to jeziora&nbsp;<strong>polodowcowe.<\/strong>&nbsp;R\u00f3\u017cni\u0105 si\u0119 one genez\u0105 i w zwi\u0105zku z tym wyr\u00f3\u017cnia si\u0119 nast\u0119puj\u0105ce typy jezior polodowcowych:<\/p>\n\n\n\n<p>&#8211;&nbsp;<strong>morenowe<\/strong>&nbsp;&#8211; utworzone w zag\u0142\u0119bieniach moreny dennej lub w wyniku zatamowania odp\u0142ywu przez moren\u0119 czo\u0142ow\u0105 lub boczn\u0105 (\u015aniardwy, Mamry, Niegocin, Morskie Oko w Tatrach);<\/p>\n\n\n\n<p>&#8211;&nbsp;<strong>rynnowe<\/strong>&nbsp;&#8211; wyst\u0119puj\u0105ce w miejscu, gdzie wody roztopowe p\u0142yn\u0105ce pod l\u0105dolodem wy\u017c\u0142obi\u0142y rynny (Ha\u0144cza, Drawsko, Wigry, Gop\u0142o, Jeziorak);<\/p>\n\n\n\n<figure class=\"wp-block-image size-full is-style-twentytwentyone-image-frame\"><img loading=\"lazy\" decoding=\"async\" width=\"275\" height=\"183\" src=\"https:\/\/sendkom.pl\/beniamin\/wp-content\/uploads\/2022\/05\/jeziora2.jpg\" alt=\"\" class=\"wp-image-89\"\/><\/figure>\n\n\n\n<p>&#8211;&nbsp;<strong>wytopiskowe<\/strong>&nbsp;&#8211; tzw. oczka polodowcowe utworzone w zag\u0142\u0119bieniach po wytopieniu bry\u0142 lodu przysypanych ska\u0142ami morenowymi (G\u0142\u0119boczek ko\u0142o Tucholi);<\/p>\n\n\n\n<p>&#8211;&nbsp;<strong>cyrkowe<\/strong>&nbsp;&#8211; w miejscu dawnych p\u00f3\u0142 firnowych lodowc\u00f3w g\u00f3rskich (stawy tatrza\u0144skie i karkonoskie).<\/p>\n\n\n\n<p>Inne typy jezior wyst\u0119puj\u0105ce w Polsce to:<\/p>\n\n\n\n<p>&#8211;&nbsp;<strong>przybrze\u017cne<\/strong>&nbsp;lub&nbsp;<strong>nadbrze\u017cne<\/strong>&nbsp;&#8211; powsta\u0142e na skutek oddzielenia dawnej zatoki morskiej przez mierzej\u0119 (\u0141ebsko, Gardno, Jamno, Wicko);<\/p>\n\n\n\n<p>Niekt\u00f3rzy geografowie uwa\u017caj\u0105, \u017ce jeziora \u0141ebsko i Gardno s\u0105 jeziorami o z\u0142o\u017conej genezie polodowcowo-przybrze\u017cnej.<\/p>\n\n\n\n<figure class=\"wp-block-image size-full is-style-twentytwentyone-image-frame\"><img loading=\"lazy\" decoding=\"async\" width=\"300\" height=\"168\" src=\"https:\/\/sendkom.pl\/beniamin\/wp-content\/uploads\/2022\/05\/jeziora3.jpg\" alt=\"\" class=\"wp-image-90\"\/><\/figure>\n\n\n\n<p>&#8211;&nbsp;<strong>deltowe<\/strong>&nbsp;&#8211; znajduj\u0105ce si\u0119 w zag\u0142\u0119bieniach delt rzecznych (D\u0105bie, Dru\u017cno);<\/p>\n\n\n\n<p>&#8211;&nbsp;<strong>krasowe<\/strong>&nbsp;&#8211; wype\u0142niaj\u0105ce zapadliska lub leje krasowe (Pojezierze \u0141\u0119czy\u0144sko-W\u0142odawskie);<\/p>\n\n\n\n<p>&#8211;&nbsp;<strong>rzeczne<\/strong>&nbsp;lub&nbsp;<strong>starorzecza<\/strong>&nbsp;&#8211; b\u0119d\u0105ce \u015bladem dawnego zakola rzeki.<\/p>\n\n\n\n<p>W Polsce istniej\u0105 r\u00f3wnie\u017c jeziora (zbiorniki)&nbsp;<strong>sztuczne<\/strong>&nbsp;pe\u0142ni\u0105ce funkcje retencyjne, przeciwpowodziowe, energetyczne i rekreacyjne.<\/p>\n\n\n\n<p><\/p>\n\n\n\n<p><\/p>\n","protected":false},"excerpt":{"rendered":"<p>&#8220;Jezioro to oko ziemi, w kt\u00f3re zagl\u0105daj\u0105c, mierzymy g\u0142\u0119bi\u0119 w\u0142asnej natury.&#8221; Autor nieznany Jeziora w Polsce zajmuj\u0105 tylko 1% powierzchni kraju. W sumie istnieje niewiele ponad 9000 jezior o powierzchni powy\u017cej 1 hektara. Zdecydowanie najwi\u0119ksz\u0105 jeziorno\u015bci\u0105 charakteryzuj\u0105 si\u0119 obszary m\u0142odoglacjalne &#8211; Pojezierza Pomorskie, Mazurskie i Wielkopolskie. Zdecydowana wi\u0119kszo\u015b\u0107 jezior w Polsce to jeziora&nbsp;polodowcowe.&nbsp;R\u00f3\u017cni\u0105 si\u0119 one&hellip; <a class=\"more-link\" href=\"https:\/\/sendkom.pl\/beniamin\/?page_id=43\">Continue reading <span class=\"screen-reader-text\">Jeziora<\/span><\/a><\/p>\n","protected":false},"author":1,"featured_media":0,"parent":0,"menu_order":0,"comment_status":"closed","ping_status":"closed","template":"","meta":{"footnotes":""},"class_list":["post-43","page","type-page","status-publish","hentry","entry"],"_links":{"self":[{"href":"https:\/\/sendkom.pl\/beniamin\/index.php?rest_route=\/wp\/v2\/pages\/43","targetHints":{"allow":["GET"]}}],"collection":[{"href":"https:\/\/sendkom.pl\/beniamin\/index.php?rest_route=\/wp\/v2\/pages"}],"about":[{"href":"https:\/\/sendkom.pl\/beniamin\/index.php?rest_route=\/wp\/v2\/types\/page"}],"author":[{"embeddable":true,"href":"https:\/\/sendkom.pl\/beniamin\/index.php?rest_route=\/wp\/v2\/users\/1"}],"replies":[{"embeddable":true,"href":"https:\/\/sendkom.pl\/beniamin\/index.php?rest_route=%2Fwp%2Fv2%2Fcomments&post=43"}],"version-history":[{"count":4,"href":"https:\/\/sendkom.pl\/beniamin\/index.php?rest_route=\/wp\/v2\/pages\/43\/revisions"}],"predecessor-version":[{"id":121,"href":"https:\/\/sendkom.pl\/beniamin\/index.php?rest_route=\/wp\/v2\/pages\/43\/revisions\/121"}],"wp:attachment":[{"href":"https:\/\/sendkom.pl\/beniamin\/index.php?rest_route=%2Fwp%2Fv2%2Fmedia&parent=43"}],"curies":[{"name":"wp","href":"https:\/\/api.w.org\/{rel}","templated":true}]}}