{"id":7,"date":"2022-05-23T18:13:52","date_gmt":"2022-05-23T18:13:52","guid":{"rendered":"https:\/\/sendkom.pl\/beniamin\/?page_id=7"},"modified":"2022-05-23T20:35:04","modified_gmt":"2022-05-23T20:35:04","slug":"tworz-swoja-witryne-za-pomoca-blokow","status":"publish","type":"page","link":"https:\/\/sendkom.pl\/beniamin\/","title":{"rendered":"Untitled"},"content":{"rendered":"\n<h1 class=\"has-text-align-center has-extra-large-font-size wp-block-heading\" style=\"font-style:normal;font-weight:500;text-transform:uppercase\"><strong>Pi\u0119kno polskiej przyrody&#8230;<\/strong><\/h1>\n\n\n\n<div class=\"wp-block-image is-style-twentytwentyone-image-frame\"><figure class=\"alignleft size-full is-resized\"><a href=\"https:\/\/sendkom.pl\/beniamin\/?page_id=41\"><img loading=\"lazy\" decoding=\"async\" src=\"https:\/\/sendkom.pl\/beniamin\/wp-content\/uploads\/2022\/05\/gory-3.jpg\" alt=\"\" class=\"wp-image-123\" width=\"743\" height=\"418\"\/><\/a><\/figure><\/div>\n\n\n\n<div class=\"wp-block-columns alignwide are-vertically-aligned-center is-style-twentytwentyone-columns-overlap is-layout-flex wp-container-core-columns-is-layout-9d6595d7 wp-block-columns-is-layout-flex\">\n<div class=\"wp-block-column is-vertically-aligned-center is-layout-flow wp-block-column-is-layout-flow\">\n<figure class=\"wp-block-image alignfull size-full is-style-twentytwentyone-image-frame\"><a href=\"https:\/\/sendkom.pl\/beniamin\/?page_id=39\"><img loading=\"lazy\" decoding=\"async\" width=\"275\" height=\"183\" src=\"https:\/\/sendkom.pl\/beniamin\/wp-content\/uploads\/2022\/05\/lasy.jpg\" alt=\"\" class=\"wp-image-29\"\/><\/a><\/figure>\n<\/div>\n\n\n\n<div class=\"wp-block-column is-vertically-aligned-center is-layout-flow wp-block-column-is-layout-flow\">\n<figure class=\"wp-block-image size-full is-resized alignfull is-style-twentytwentyone-image-frame\"><a href=\"https:\/\/sendkom.pl\/beniamin\/?page_id=43\"><img loading=\"lazy\" decoding=\"async\" src=\"https:\/\/sendkom.pl\/beniamin\/wp-content\/uploads\/2022\/05\/jeziora-1.jpg\" alt=\"\" class=\"wp-image-63\" width=\"636\" height=\"375\"\/><\/a><\/figure>\n<\/div>\n<\/div>\n\n\n\n<div style=\"height:50px\" aria-hidden=\"true\" class=\"wp-block-spacer\"><\/div>\n\n\n\n<div class=\"wp-block-columns alignwide are-vertically-aligned-top is-layout-flex wp-container-core-columns-is-layout-9d6595d7 wp-block-columns-is-layout-flex\">\n<div class=\"wp-block-column is-vertically-aligned-top is-layout-flow wp-block-column-is-layout-flow\">\n<h3 class=\"wp-block-heading\">G\u00f3ry<\/h3>\n\n\n\n<p><a href=\"https:\/\/sendkom.pl\/beniamin\/?page_id=41\">G\u00f3ry w Polsce stanowi\u0105 jedn\u0105 z najwi\u0119kszych atrakcji naszego kraju. Tu\u017c obok wybrze\u017ca, s\u0105 najcz\u0119\u015bciej wybieran\u0105 destynacj\u0105 turystyczn\u0105, kt\u00f3ra przyci\u0105ga piechur\u00f3w i mi\u0142o\u015bnik\u00f3w pi\u0119knych krajobraz\u00f3w, nie tylko z Polski, ale i z innych europejskich kraj\u00f3w. Jakie s\u0105 g\u00f3ry w Polsce?<\/a><\/p>\n<\/div>\n\n\n\n<div class=\"wp-block-column is-vertically-aligned-top is-layout-flow wp-block-column-is-layout-flow\">\n<h3 class=\"wp-block-heading\">Jeziora<\/h3>\n\n\n\n<p><a href=\"https:\/\/sendkom.pl\/beniamin\/?page_id=43\">Jeziora w Polsce zajmuj\u0105 tylko 1% powierzchni kraju. W sumie istnieje niewiele ponad 9000 jezior o powierzchni powy\u017cej 1 hektara.<br>Zdecydowanie najwi\u0119ksz\u0105 jeziorno\u015bci\u0105 charakteryzuj\u0105 si\u0119 obszary m\u0142odoglacjalne &#8211; Pojezierza Pomorskie, Mazurskie i Wielkopolskie.<\/a><\/p>\n\n\n\n<p><\/p>\n<\/div>\n\n\n\n<div class=\"wp-block-column is-vertically-aligned-top is-layout-flow wp-block-column-is-layout-flow\">\n<h3 class=\"wp-block-heading\">Lasy<\/h3>\n\n\n\n<p><a href=\"https:\/\/sendkom.pl\/beniamin\/?page_id=39\">Polska jest w europejskiej czo\u0142\u00f3wce, je\u015bli chodzi o powierzchni\u0119 las\u00f3w. Obecnie powierzchnia las\u00f3w w Polsce wynosi ponad 9,2 mln ha, co odpowiada lesisto\u015bci 29,6 proc. Zdecydowana wi\u0119kszo\u015b\u0107 to lasy pa\u0144stwowe, z czego ponad 7,3 mln ha zarz\u0105dzane jest przez Pa\u0144stwowe Gospodarstwo Le\u015bne Lasy Pa\u0144stwowe.<\/a><\/p>\n<\/div>\n<\/div>\n\n\n\n<p><\/p>\n","protected":false},"excerpt":{"rendered":"<p>Pi\u0119kno polskiej przyrody&#8230; G\u00f3ry G\u00f3ry w Polsce stanowi\u0105 jedn\u0105 z najwi\u0119kszych atrakcji naszego kraju. Tu\u017c obok wybrze\u017ca, s\u0105 najcz\u0119\u015bciej wybieran\u0105 destynacj\u0105 turystyczn\u0105, kt\u00f3ra przyci\u0105ga piechur\u00f3w i mi\u0142o\u015bnik\u00f3w pi\u0119knych krajobraz\u00f3w, nie tylko z Polski, ale i z innych europejskich kraj\u00f3w. Jakie s\u0105 g\u00f3ry w Polsce? Jeziora Jeziora w Polsce zajmuj\u0105 tylko 1% powierzchni kraju. W sumie&hellip; <a class=\"more-link\" href=\"https:\/\/sendkom.pl\/beniamin\/\">Continue reading <span class=\"screen-reader-text\">Untitled<\/span><\/a><\/p>\n","protected":false},"author":1,"featured_media":0,"parent":0,"menu_order":0,"comment_status":"closed","ping_status":"closed","template":"","meta":{"footnotes":""},"class_list":["post-7","page","type-page","status-publish","hentry","entry"],"_links":{"self":[{"href":"https:\/\/sendkom.pl\/beniamin\/index.php?rest_route=\/wp\/v2\/pages\/7","targetHints":{"allow":["GET"]}}],"collection":[{"href":"https:\/\/sendkom.pl\/beniamin\/index.php?rest_route=\/wp\/v2\/pages"}],"about":[{"href":"https:\/\/sendkom.pl\/beniamin\/index.php?rest_route=\/wp\/v2\/types\/page"}],"author":[{"embeddable":true,"href":"https:\/\/sendkom.pl\/beniamin\/index.php?rest_route=\/wp\/v2\/users\/1"}],"replies":[{"embeddable":true,"href":"https:\/\/sendkom.pl\/beniamin\/index.php?rest_route=%2Fwp%2Fv2%2Fcomments&post=7"}],"version-history":[{"count":23,"href":"https:\/\/sendkom.pl\/beniamin\/index.php?rest_route=\/wp\/v2\/pages\/7\/revisions"}],"predecessor-version":[{"id":135,"href":"https:\/\/sendkom.pl\/beniamin\/index.php?rest_route=\/wp\/v2\/pages\/7\/revisions\/135"}],"wp:attachment":[{"href":"https:\/\/sendkom.pl\/beniamin\/index.php?rest_route=%2Fwp%2Fv2%2Fmedia&parent=7"}],"curies":[{"name":"wp","href":"https:\/\/api.w.org\/{rel}","templated":true}]}}