{"id":8,"date":"2022-05-23T18:13:52","date_gmt":"2022-05-23T18:13:52","guid":{"rendered":"https:\/\/sendkom.pl\/beniamin\/?page_id=8"},"modified":"2022-05-23T19:37:28","modified_gmt":"2022-05-23T19:37:28","slug":"informacje","status":"publish","type":"page","link":"https:\/\/sendkom.pl\/beniamin\/?page_id=8","title":{"rendered":"Informacje"},"content":{"rendered":"\n<p class=\"has-extra-large-font-size\">Przyrod\u0119 w naszym kraju mo\u017cna podzieli\u0107 na:<\/p>\n\n\n\n<ul class=\"has-large-font-size wp-block-list\"><li><a href=\"https:\/\/sendkom.pl\/beniamin\/?page_id=39\">Lasy<\/a><\/li><li><a href=\"https:\/\/sendkom.pl\/beniamin\/?page_id=43\">Jeziora<\/a><\/li><li><a href=\"https:\/\/sendkom.pl\/beniamin\/?page_id=41\">G\u00f3ry<\/a><\/li><\/ul>\n\n\n\n<p><\/p>\n\n\n\n<figure class=\"wp-block-gallery has-nested-images columns-default is-cropped wp-block-gallery-1 is-layout-flex wp-block-gallery-is-layout-flex\">\n<figure class=\"wp-block-image size-large\"><img loading=\"lazy\" decoding=\"async\" width=\"299\" height=\"168\" data-id=\"96\" src=\"https:\/\/sendkom.pl\/beniamin\/wp-content\/uploads\/2022\/05\/gory-1.jpg\" alt=\"\" class=\"wp-image-96\"\/><\/figure>\n\n\n\n<figure class=\"wp-block-image size-large\"><img loading=\"lazy\" decoding=\"async\" width=\"298\" height=\"169\" data-id=\"99\" src=\"https:\/\/sendkom.pl\/beniamin\/wp-content\/uploads\/2022\/05\/gory1-1.jpg\" alt=\"\" class=\"wp-image-99\"\/><\/figure>\n\n\n\n<figure class=\"wp-block-image size-large\"><img loading=\"lazy\" decoding=\"async\" width=\"318\" height=\"159\" data-id=\"98\" src=\"https:\/\/sendkom.pl\/beniamin\/wp-content\/uploads\/2022\/05\/gory2-1.jpg\" alt=\"\" class=\"wp-image-98\" srcset=\"https:\/\/sendkom.pl\/beniamin\/wp-content\/uploads\/2022\/05\/gory2-1.jpg 318w, https:\/\/sendkom.pl\/beniamin\/wp-content\/uploads\/2022\/05\/gory2-1-300x150.jpg 300w\" sizes=\"auto, (max-width: 318px) 100vw, 318px\" \/><\/figure>\n\n\n\n<figure class=\"wp-block-image size-large\"><img loading=\"lazy\" decoding=\"async\" width=\"275\" height=\"183\" data-id=\"100\" src=\"https:\/\/sendkom.pl\/beniamin\/wp-content\/uploads\/2022\/05\/gory3-1.jpg\" alt=\"\" class=\"wp-image-100\"\/><\/figure>\n\n\n\n<figure class=\"wp-block-image size-large\"><img loading=\"lazy\" decoding=\"async\" width=\"300\" height=\"168\" data-id=\"97\" src=\"https:\/\/sendkom.pl\/beniamin\/wp-content\/uploads\/2022\/05\/jeziora-2.jpg\" alt=\"\" class=\"wp-image-97\"\/><\/figure>\n\n\n\n<figure class=\"wp-block-image size-large\"><img loading=\"lazy\" decoding=\"async\" width=\"298\" height=\"169\" data-id=\"101\" src=\"https:\/\/sendkom.pl\/beniamin\/wp-content\/uploads\/2022\/05\/jeziora1-1.jpg\" alt=\"\" class=\"wp-image-101\"\/><\/figure>\n\n\n\n<figure class=\"wp-block-image size-large\"><img loading=\"lazy\" decoding=\"async\" width=\"275\" height=\"183\" data-id=\"103\" src=\"https:\/\/sendkom.pl\/beniamin\/wp-content\/uploads\/2022\/05\/jeziora2-1.jpg\" alt=\"\" class=\"wp-image-103\"\/><\/figure>\n\n\n\n<figure class=\"wp-block-image size-large\"><img loading=\"lazy\" decoding=\"async\" width=\"300\" height=\"168\" data-id=\"102\" src=\"https:\/\/sendkom.pl\/beniamin\/wp-content\/uploads\/2022\/05\/jeziora3-1.jpg\" alt=\"\" class=\"wp-image-102\"\/><\/figure>\n\n\n\n<figure class=\"wp-block-image size-large\"><img loading=\"lazy\" decoding=\"async\" width=\"275\" height=\"183\" data-id=\"104\" src=\"https:\/\/sendkom.pl\/beniamin\/wp-content\/uploads\/2022\/05\/lasy-1.jpg\" alt=\"\" class=\"wp-image-104\"\/><\/figure>\n\n\n\n<figure class=\"wp-block-image size-large\"><img loading=\"lazy\" decoding=\"async\" width=\"275\" height=\"183\" data-id=\"107\" src=\"https:\/\/sendkom.pl\/beniamin\/wp-content\/uploads\/2022\/05\/lasy1-1.jpg\" alt=\"\" class=\"wp-image-107\"\/><\/figure>\n\n\n\n<figure class=\"wp-block-image size-large\"><img loading=\"lazy\" decoding=\"async\" width=\"290\" height=\"174\" data-id=\"105\" src=\"https:\/\/sendkom.pl\/beniamin\/wp-content\/uploads\/2022\/05\/lasy2-1.jpg\" alt=\"\" class=\"wp-image-105\"\/><\/figure>\n\n\n\n<figure class=\"wp-block-image size-large\"><img loading=\"lazy\" decoding=\"async\" width=\"305\" height=\"165\" data-id=\"106\" src=\"https:\/\/sendkom.pl\/beniamin\/wp-content\/uploads\/2022\/05\/lasy3-1.jpg\" alt=\"\" class=\"wp-image-106\" srcset=\"https:\/\/sendkom.pl\/beniamin\/wp-content\/uploads\/2022\/05\/lasy3-1.jpg 305w, https:\/\/sendkom.pl\/beniamin\/wp-content\/uploads\/2022\/05\/lasy3-1-300x162.jpg 300w\" sizes=\"auto, (max-width: 305px) 100vw, 305px\" \/><\/figure>\n<\/figure>\n\n\n\n<p><\/p>\n","protected":false},"excerpt":{"rendered":"<p>Przyrod\u0119 w naszym kraju mo\u017cna podzieli\u0107 na: Lasy Jeziora G\u00f3ry<\/p>\n","protected":false},"author":1,"featured_media":0,"parent":0,"menu_order":0,"comment_status":"closed","ping_status":"closed","template":"","meta":{"footnotes":""},"class_list":["post-8","page","type-page","status-publish","hentry","entry"],"_links":{"self":[{"href":"https:\/\/sendkom.pl\/beniamin\/index.php?rest_route=\/wp\/v2\/pages\/8","targetHints":{"allow":["GET"]}}],"collection":[{"href":"https:\/\/sendkom.pl\/beniamin\/index.php?rest_route=\/wp\/v2\/pages"}],"about":[{"href":"https:\/\/sendkom.pl\/beniamin\/index.php?rest_route=\/wp\/v2\/types\/page"}],"author":[{"embeddable":true,"href":"https:\/\/sendkom.pl\/beniamin\/index.php?rest_route=\/wp\/v2\/users\/1"}],"replies":[{"embeddable":true,"href":"https:\/\/sendkom.pl\/beniamin\/index.php?rest_route=%2Fwp%2Fv2%2Fcomments&post=8"}],"version-history":[{"count":4,"href":"https:\/\/sendkom.pl\/beniamin\/index.php?rest_route=\/wp\/v2\/pages\/8\/revisions"}],"predecessor-version":[{"id":109,"href":"https:\/\/sendkom.pl\/beniamin\/index.php?rest_route=\/wp\/v2\/pages\/8\/revisions\/109"}],"wp:attachment":[{"href":"https:\/\/sendkom.pl\/beniamin\/index.php?rest_route=%2Fwp%2Fv2%2Fmedia&parent=8"}],"curies":[{"name":"wp","href":"https:\/\/api.w.org\/{rel}","templated":true}]}}